{"id":1580,"date":"2022-01-11T00:02:30","date_gmt":"2022-01-11T00:02:30","guid":{"rendered":"https:\/\/uat.myplanadvocate.com\/politica-de-privacidad\/"},"modified":"2022-04-03T21:38:22","modified_gmt":"2022-04-03T21:38:22","slug":"politica-de-privacidad","status":"publish","type":"page","link":"https:\/\/mycatadvocate.com\/es\/politica-de-privacidad\/","title":{"rendered":"Pol\u00edtica de privacidad"},"content":{"rendered":"<p>Gracias por visitar el sitio web de MyPlanAdvocate (en adelante, el \u00abSitio web\u00bb), que es propiedad y est\u00e1 operado por MyPlanAdvocate Insurance Solutions, Inc. (que tambi\u00e9n opera como MyPlanAdvocate Insurance Services, en adelante, \u00abMyPlanAdvocate\u00bb, \u00abNosotros\u00bb o \u00abNuestro\u00bb ). Su privacidad es importante para nosotros. Para proteger mejor su privacidad, proporcionamos este aviso que explica Nuestras pol\u00edticas y pr\u00e1cticas de informaci\u00f3n en l\u00ednea. Al visitar estos sitios web, usted acepta las pr\u00e1cticas descritas en esta pol\u00edtica de privacidad.<\/p>\n<p><strong>Fecha de vigencia de esta Pol\u00edtica de privacidad<\/strong><br \/>\nEsta pol\u00edtica de privacidad entra en vigor el 1 de enero de 2022.<\/p>\n<p><strong>Categor\u00edas de informaci\u00f3n de identificaci\u00f3n personal que recopilamos.<\/strong><br \/>\nMyPlanAdvocate recibir\u00e1 y almacenar\u00e1 informaci\u00f3n sobre usted y sus dependientes (si corresponde), como nombre, direcci\u00f3n, sexo, n\u00famero de seguro social, edad y respuestas a preguntas m\u00e9dicas (si corresponde) siempre que esta informaci\u00f3n se proporcione a trav\u00e9s de estos sitios web. Tambi\u00e9n podemos obtener informaci\u00f3n sobre usted de terceros, como su empleador o corredores de seguros, que pueden utilizar estos sitios web para hacer cosas como solicitar una cotizaci\u00f3n de cobertura de seguro m\u00e9dico o administrar la actividad de la cuenta en l\u00ednea.<\/p>\n<p><strong>Galletas<\/strong><br \/>\nMyPlanAdvocate y\/o sus socios comerciales pueden usar cookies en estos sitios web. Una cookie es una pieza de datos almacenada en el disco duro del usuario que contiene informaci\u00f3n sobre el usuario. El uso de una cookie no est\u00e1 vinculado de ninguna manera a ninguna informaci\u00f3n de identificaci\u00f3n personal mientras se encuentre en Nuestros sitios web. Una cookie no se puede utilizar para acceder o comprometer los datos en su disco duro. La parte de \u00abayuda\u00bb de la barra de herramientas en la mayor\u00eda de los navegadores le dir\u00e1 c\u00f3mo evitar que su navegador acepte nuevas cookies, c\u00f3mo hacer que el navegador le notifique cuando recibe una nueva cookie o c\u00f3mo deshabilitar las cookies por completo. Si el usuario rechaza la cookie, puede seguir usando estos sitios web, pero algunas funciones pueden verse afectadas.<\/p>\n<p><strong>Archivos de registro<\/strong><br \/>\nEstos sitios web registran la direcci\u00f3n IP o de protocolo de Internet de los usuarios que inician sesi\u00f3n para facilitar el uso de estos sitios web. Las direcciones IP no est\u00e1n vinculadas a informaci\u00f3n de identificaci\u00f3n personal.<\/p>\n<p><strong>Categor\u00edas de terceros con los que podemos compartir la informaci\u00f3n que recopilamos<\/strong><br \/>\nLa informaci\u00f3n que recopilamos a trav\u00e9s del sitio web y de otras fuentes se utiliza para proporcionar cotizaciones de cobertura de seguro m\u00e9dico a trav\u00e9s de los planes de salud de MyPlanAdvocate y para proporcionar otros productos y servicios a nuestros corredores. Podemos compartir informaci\u00f3n con nuestros proveedores de planes de salud contratados durante el proceso de suscripci\u00f3n, as\u00ed como con empresas afiliadas, cuando sea necesario para brindar servicios a trav\u00e9s de esas empresas. Tambi\u00e9n podemos divulgar informaci\u00f3n de identificaci\u00f3n personal cuando creemos que la divulgaci\u00f3n de dicha informaci\u00f3n es requerida por ley o es necesaria para proteger los derechos, la propiedad o la seguridad de MyPlanAdvocate u otros.<\/p>\n<p><strong>Revisi\u00f3n y modificaci\u00f3n de la informaci\u00f3n recopilada<\/strong><br \/>\nSi desea revisar y\/o modificar la informaci\u00f3n que hemos recopilado sobre usted, comun\u00edquese con nosotros por correo electr\u00f3nico a compliance@myplanadvocate.com. Las solicitudes para modificar la informaci\u00f3n deben hacerse por escrito a trav\u00e9s de correo postal enviado a:<\/p>\n<p>MyPlanAdvocate<br \/>\n460 Oeste 50 Norte Suite 500<br \/>\nSalt Lake City, UT 84101<\/p>\n<p>O por correo electr\u00f3nico enviado a: info@myplanadvocate.com<\/p>\n<p><strong>Seguridad <\/strong><br \/>\nMyPlanAdvocate no ofrece garant\u00edas ni representaciones con respecto a la seguridad de Nuestro contenido o el contenido del usuario. Los datos enviados a trav\u00e9s de Internet pueden ser interceptados por terceros; si le preocupa la seguridad de sus datos, no debe enviarlos por Internet.<\/p>\n<p><strong>Enlaces de terceros<\/strong><br \/>\nEstos sitios web pueden contener enlaces a sitios web de terceros. MyPlanAdvocate no hace ninguna representaci\u00f3n con respecto al contenido o la precisi\u00f3n de cualquier sitio web al que pueda acceder a trav\u00e9s de estos sitios web. MyPlanAdvocate no supervisa ni es responsable del contenido que se encuentra en otros sitios web que est\u00e1n vinculados desde estos sitios web. MyPlanAdvocate no implica respaldo, recomendaci\u00f3n o patrocinio de ning\u00fan sitio web vinculado o de los servicios, productos o consejos descritos en el sitio, y MyPlanAdvocate no tendr\u00e1 ninguna responsabilidad por su contenido, incluida su precisi\u00f3n, tema, calidad o puntualidad, o cualquier informaci\u00f3n personal. que usted proporciona a dicho sitio. EL USO DE DICHO SITIO ES BAJO SU PROPIO RIESGO. Los puntos de vista, opiniones, declaraciones, ofertas u otra informaci\u00f3n o contenido expresado en el mismo son los de los respectivos autores o distribuidores, no de MyPlanAdvocate.<\/p>\n<p><strong>Protecci\u00f3n de la privacidad de los ni\u00f1os<\/strong><br \/>\nEstos sitios web no est\u00e1n dise\u00f1ados ni est\u00e1n dirigidos intencionalmente a ni\u00f1os de 13 a\u00f1os o menos. No recopilaremos informaci\u00f3n sobre ni\u00f1os de 13 a\u00f1os de edad o menores a menos que esa informaci\u00f3n sea proporcionada por o con el consentimiento de sus padres o tutores.<\/p>\n<p><strong>Notificaci\u00f3n de Cambios<\/strong><br \/>\nSi decidimos cambiar nuestra pol\u00edtica de privacidad, publicaremos esos cambios en nuestros sitios web. Revise estas p\u00e1ginas peri\u00f3dicamente para ver los cambios. Su uso de estos sitios web constituye la aceptaci\u00f3n de las disposiciones de esta pol\u00edtica de privacidad y su uso continuo despu\u00e9s de que se publiquen los cambios constituye la aceptaci\u00f3n de cada pol\u00edtica revisada. Si no est\u00e1 de acuerdo con los t\u00e9rminos de esta pol\u00edtica de privacidad o cualquier pol\u00edtica revisada, salga de estos sitios web de inmediato. La informaci\u00f3n que recibimos es una parte importante de nuestro negocio y uno de nuestros activos principales. En el futuro, podr\u00edamos comprar o vender activos comerciales, que pueden incluir esta informaci\u00f3n. En caso de que se adquiera MyPlanAdvocate o sustancialmente todos sus activos, la informaci\u00f3n del cliente puede ser uno de los activos transferidos.<\/p>\n<p><strong>Exactitud<\/strong><br \/>\nCreemos que la informaci\u00f3n proporcionada en estos sitios web es precisa y hacemos todo lo posible para minimizar los errores. Sin embargo, no podemos garantizar absolutamente la exactitud de la informaci\u00f3n proporcionada. Si encuentra un error o alguna inexactitud, inf\u00f3rmenos lo antes posible.<\/p>\n<p><strong>Informaci\u00f3n de contacto sobre estos sitios web<\/strong><br \/>\nSi tiene preguntas, comentarios o inquietudes sobre el sitio web, env\u00ede un correo electr\u00f3nico a info@myplanadvocate.com. Incluya detalles de sus preguntas, comentarios o inquietudes y su nombre completo e informaci\u00f3n de contacto<\/p>\n","protected":false},"excerpt":{"rendered":"<p>Gracias por visitar el sitio web de MyPlanAdvocate (en adelante, el \u00abSitio web\u00bb), que es propiedad y est\u00e1 operado por MyPlanAdvocate Insurance Solutions, Inc. (que tambi\u00e9n opera como MyPlanAdvocate Insurance Services, en adelante, \u00abMyPlanAdvocate\u00bb, \u00abNosotros\u00bb o \u00abNuestro\u00bb ). Su privacidad es importante para nosotros. Para proteger mejor su privacidad, proporcionamos este aviso que explica Nuestras&#8230;<\/p>\n","protected":false},"author":2,"featured_media":0,"parent":0,"menu_order":0,"comment_status":"closed","ping_status":"closed","template":"","meta":{"_themeisle_gutenberg_block_has_review":false,"_kad_post_transparent":"","_kad_post_title":"show","_kad_post_layout":"normal","_kad_post_sidebar_id":"","_kad_post_content_style":"","_kad_post_vertical_padding":"","_kad_post_feature":"","_kad_post_feature_position":"","_kad_post_header":false,"_kad_post_footer":false,"footnotes":""},"class_list":["post-1580","page","type-page","status-publish","hentry"],"_links":{"self":[{"href":"https:\/\/mycatadvocate.com\/es\/wp-json\/wp\/v2\/pages\/1580","targetHints":{"allow":["GET"]}}],"collection":[{"href":"https:\/\/mycatadvocate.com\/es\/wp-json\/wp\/v2\/pages"}],"about":[{"href":"https:\/\/mycatadvocate.com\/es\/wp-json\/wp\/v2\/types\/page"}],"author":[{"embeddable":true,"href":"https:\/\/mycatadvocate.com\/es\/wp-json\/wp\/v2\/users\/2"}],"replies":[{"embeddable":true,"href":"https:\/\/mycatadvocate.com\/es\/wp-json\/wp\/v2\/comments?post=1580"}],"version-history":[{"count":0,"href":"https:\/\/mycatadvocate.com\/es\/wp-json\/wp\/v2\/pages\/1580\/revisions"}],"wp:attachment":[{"href":"https:\/\/mycatadvocate.com\/es\/wp-json\/wp\/v2\/media?parent=1580"}],"curies":[{"name":"wp","href":"https:\/\/api.w.org\/{rel}","templated":true}]}}